{"id":20,"date":"2015-04-24T12:50:44","date_gmt":"2015-04-24T12:50:44","guid":{"rendered":"http:\/\/www.psyenyvelines.com\/?page_id=20"},"modified":"2025-01-01T19:59:15","modified_gmt":"2025-01-01T19:59:15","slug":"constellations-familiales","status":"publish","type":"page","link":"https:\/\/www.psyenyvelines.com\/?page_id=20","title":{"rendered":"Constellations Syst\u00e9miques, familiales et autres"},"content":{"rendered":"<p>En s\u00e9ance individuelle actuellement. Les bienfaits sont ressentis par les personnes qui font leur Constellation en individuel, autant qu&#8217;en groupe.<\/p>\n<p><span style=\"font-size: 16px; font-family: 'Trebuchet MS', Geneva;\">Il s&#8217;agit d&#8217;une approche d\u00e9velopp\u00e9e par le psychanalyste allemand Bert Hellinger, il y a plus d&#8217;une vingtaine d&#8217;ann\u00e9es. Elle consiste \u00e0<em><strong> m<\/strong><strong>ettre en place concr\u00e8tement<\/strong> <\/em><strong><em>l&#8217;image inconsciente<\/em><\/strong> que l&#8217;on porte en soi de son syst\u00e8me familial (entre autres), gr\u00e2ce \u00e0 des personnes qui \u00ab\u00a0repr\u00e9sentent\u00a0\u00bb telle ou telle personne de sa famille (par exemple). Il peut \u00e9galement s&#8217;agir d&#8217;une maladie ou du pays d&#8217;origine qui sont \u00ab\u00a0repr\u00e9sent\u00e9s\u00a0\u00bb, ou m\u00eame de valeurs existentielles ou de concepts (la vie, la mort, l&#8217;amiti\u00e9, l&#8217;amour par exemple). \u00a0<\/span><\/p>\n<p><span style=\"font-size: 16px; font-family: 'Trebuchet MS', Geneva;\">Egalement toute situation professionnelle posant probl\u00e8me peut \u00eatre \u00e9clair\u00e9e par cette approche.<\/span><\/p>\n<p><span style=\"font-size: 16px; font-family: 'Trebuchet MS', Geneva;\">Toute difficult\u00e9 peut \u00eatre regard\u00e9e dans sa place au sein\u00a0d&#8217;un syst\u00e8me car tout est interd\u00e9pendant,\u00a0les personnes comme les situations et m\u00eame les mots que nous utilisons.<\/span><\/p>\n<p><span style=\"font-size: 16px; font-family: 'Trebuchet MS', Geneva;\"><a href=\"http:\/\/www.psyenyvelines.com\/wp-content\/uploads\/2015\/04\/constellations1.jpg\"><img loading=\"lazy\" decoding=\"async\" class=\"alignleft  wp-image-38\" src=\"http:\/\/www.psyenyvelines.com\/wp-content\/uploads\/2015\/04\/constellations1-350x263.jpg\" alt=\"\" width=\"282\" height=\"212\" srcset=\"https:\/\/www.psyenyvelines.com\/wp-content\/uploads\/2015\/04\/constellations1-350x263.jpg 350w, https:\/\/www.psyenyvelines.com\/wp-content\/uploads\/2015\/04\/constellations1-1024x768.jpg 1024w\" sizes=\"auto, (max-width: 282px) 100vw, 282px\" \/><\/a>Au cours de la Constellation, <em><strong>la cause<\/strong><\/em> d&#8217;un mal-\u00eatre ou d&#8217;un probl\u00e8me <em><strong>devient identifiable<\/strong><\/em>, une <em><strong>solution<\/strong><\/em> est alors trouv\u00e9e et mise en place.<\/span><\/p>\n<p><span style=\"font-size: 16px; font-family: 'Trebuchet MS', Geneva;\">Faire sa Constellation aide \u00e0 <em><strong>se r\u00e9aliser plus pleinement\u00a0<\/strong><\/em>gr\u00e2ce \u00e0 la dissolution d&#8217;un blocage qui &#8220;emp\u00eachait&#8221;.\u00a0<\/span><\/p>\n<p><span style=\"font-size: 16px; font-family: 'Trebuchet MS', Geneva;\">Au fur et \u00e0 mesure de la vie, nous pouvons ressentir le besoin de <em><strong>clarifier<\/strong><\/em> ce qui emp\u00eache de <em><strong>se sentir libre de vivre &#8220;sa&#8221; vie<\/strong><\/em>. C&#8217;est l&#8217;occasion de profiter d&#8217;un \u00e9clairage et d&#8217;un nouveau regard qui peut <em><strong>all\u00e9ger sa vie<\/strong> <strong>quotidienne<\/strong><\/em>.<\/span><\/p>\n<p><span style=\"font-size: 16px; font-family: 'Trebuchet MS', Geneva;\">Etre nourri et soutenu par ses racines familiales, g\u00e9ographiques, culturelles permet d&#8217;ouvrir son c\u0153ur, de se sentir plus libre et disponible.<\/span><\/p>\n<p><span style=\"font-size: 16px; font-family: 'Trebuchet MS', Geneva;\">Des \u00e9v\u00e9nements secrets ou non-dits et des \u00e9motions qui ont \u00e9t\u00e9 bloqu\u00e9es dans les g\u00e9n\u00e9rations pass\u00e9es, comme dans sa propre vie, peuvent enfin \u00eatre partag\u00e9s. La vie et l&#8217;amour circulent \u00e0 nouveau.<a href=\"http:\/\/www.psyenyvelines.com\/wp-content\/uploads\/2015\/04\/constellations2.jpg\"><img loading=\"lazy\" decoding=\"async\" class=\"  wp-image-29 alignright\" src=\"http:\/\/www.psyenyvelines.com\/wp-content\/uploads\/2015\/04\/constellations2-350x263.jpg\" alt=\"\" width=\"302\" height=\"227\" srcset=\"https:\/\/www.psyenyvelines.com\/wp-content\/uploads\/2015\/04\/constellations2-350x263.jpg 350w, https:\/\/www.psyenyvelines.com\/wp-content\/uploads\/2015\/04\/constellations2-1024x768.jpg 1024w\" sizes=\"auto, (max-width: 302px) 100vw, 302px\" \/><\/a><\/span><\/p>\n<p><span style=\"font-size: 16px; font-family: 'Trebuchet MS', Geneva;\">Des <em><strong>transformations positives<\/strong><\/em> se manifestent alors, de mani\u00e8re quelquefois inattendue, et toujours favorables. Les <em><strong>effets concrets<\/strong><\/em> s&#8217;observent au fur et \u00e0 mesure des jours, des mois et des ann\u00e9es qui suivent sa Constellation. Patience et <em><strong>observation des changements<\/strong><\/em>.<\/span><\/p>\n<p><span style=\"font-size: 16px; font-family: 'Trebuchet MS', Geneva;\">Ce travail peut se faire en s\u00e9ance individuelle. C&#8217;est diff\u00e9rent et tout aussi efficace. Il suffit de planifier un rendez-vous au moment o\u00f9 vous en ressentez le besoin ou l&#8217;envie.<\/span><\/p>\n<p><span style=\"font-family: 'Trebuchet MS', Geneva;\"><em><strong><span style=\"font-size: 16px;\">L&#8217;int\u00e9gration dans une th\u00e9rapie est possible, mais n&#8217;est pas toujours indispensable.<\/span><\/strong><\/em><\/span><\/p>\n<p><span style=\"font-size: 16px; font-family: 'Trebuchet MS', Geneva;\">C&#8217;est un compl\u00e9ment qui procure\u00a0un regard nouveau et une r\u00e9elle transformation positive \u00e0 ceux qui ont un parcours de th\u00e9rapie analytique.<\/span><\/p>\n<p><span style=\"font-size: 16px; font-family: 'Trebuchet MS', Geneva;\">\u2022\u00a0 Lorsque vous d\u00e9cidez de faire votre Constellation, vous recevez un questionnaire \u00e0 remplir et \u00e0 me retourner une semaine avant notre RV de Constellation.\u00a0<\/span><\/p>\n<p>&nbsp;<\/p>\n<p>&nbsp;<\/p>\n","protected":false},"excerpt":{"rendered":"<p>En s\u00e9ance individuelle actuellement. Les bienfaits sont ressentis par les personnes qui font leur Constellation en individuel, autant qu&#8217;en groupe. Il s&#8217;agit d&#8217;une approche d\u00e9velopp\u00e9e par le psychanalyste allemand Bert Hellinger, il y a plus d&#8217;une vingtaine d&#8217;ann\u00e9es. Elle consiste \u00e0 mettre en place concr\u00e8tement l&#8217;image inconsciente que l&#8217;on porte en soi de son syst\u00e8me &hellip; <a href=\"https:\/\/www.psyenyvelines.com\/?page_id=20\" class=\"more-link\">Continuer la lecture de <span class=\"screen-reader-text\">Constellations Syst\u00e9miques, familiales et autres<\/span><\/a><\/p>\n","protected":false},"author":1,"featured_media":0,"parent":0,"menu_order":0,"comment_status":"closed","ping_status":"closed","template":"","meta":{"footnotes":""},"class_list":["post-20","page","type-page","status-publish","hentry"],"_links":{"self":[{"href":"https:\/\/www.psyenyvelines.com\/index.php?rest_route=\/wp\/v2\/pages\/20","targetHints":{"allow":["GET"]}}],"collection":[{"href":"https:\/\/www.psyenyvelines.com\/index.php?rest_route=\/wp\/v2\/pages"}],"about":[{"href":"https:\/\/www.psyenyvelines.com\/index.php?rest_route=\/wp\/v2\/types\/page"}],"author":[{"embeddable":true,"href":"https:\/\/www.psyenyvelines.com\/index.php?rest_route=\/wp\/v2\/users\/1"}],"replies":[{"embeddable":true,"href":"https:\/\/www.psyenyvelines.com\/index.php?rest_route=%2Fwp%2Fv2%2Fcomments&post=20"}],"version-history":[{"count":10,"href":"https:\/\/www.psyenyvelines.com\/index.php?rest_route=\/wp\/v2\/pages\/20\/revisions"}],"predecessor-version":[{"id":262,"href":"https:\/\/www.psyenyvelines.com\/index.php?rest_route=\/wp\/v2\/pages\/20\/revisions\/262"}],"wp:attachment":[{"href":"https:\/\/www.psyenyvelines.com\/index.php?rest_route=%2Fwp%2Fv2%2Fmedia&parent=20"}],"curies":[{"name":"wp","href":"https:\/\/api.w.org\/{rel}","templated":true}]}}