{"id":18,"date":"2015-04-24T12:50:14","date_gmt":"2015-04-24T12:50:14","guid":{"rendered":"http:\/\/www.psyenyvelines.com\/?page_id=18"},"modified":"2020-01-27T11:51:38","modified_gmt":"2020-01-27T11:51:38","slug":"livres","status":"publish","type":"page","link":"https:\/\/www.psyenyvelines.com\/?page_id=18","title":{"rendered":"Livres"},"content":{"rendered":"<p class=\"Style29\" align=\"center\"><a href=\"http:\/\/www.psyenyvelines.com\/wp-content\/uploads\/2015\/04\/livres.gif\"><img loading=\"lazy\" decoding=\"async\" class=\"aligncenter size-full wp-image-52\" src=\"http:\/\/www.psyenyvelines.com\/wp-content\/uploads\/2015\/04\/livres.gif\" alt=\"livres\" width=\"105\" height=\"80\" \/><\/a><\/p>\n<p class=\"Style29\" align=\"center\"><a href=\"http:\/\/www.psyenyvelines.com\/wp-content\/uploads\/2015\/04\/image1.jpg\"><img loading=\"lazy\" decoding=\"async\" class=\" wp-image-111 aligncenter\" src=\"http:\/\/www.psyenyvelines.com\/wp-content\/uploads\/2015\/04\/image1-350x261.jpg\" alt=\"deux livres\" width=\"292\" height=\"218\" srcset=\"https:\/\/www.psyenyvelines.com\/wp-content\/uploads\/2015\/04\/image1-350x261.jpg 350w, https:\/\/www.psyenyvelines.com\/wp-content\/uploads\/2015\/04\/image1-1024x765.jpg 1024w\" sizes=\"auto, (max-width: 292px) 100vw, 292px\" \/><\/a><\/p>\n<p class=\"Style29\" align=\"center\"><span style=\"font-size: 20px; font-family: 'Trebuchet MS', Geneva;\"><b>Vivre son besoin d&#8217;enfant<\/b><\/span><br \/>\n<span style=\"font-size: 20px; font-family: 'Trebuchet MS', Geneva;\"> <em> \u00ab\u00a0Cheminer en se respectant<\/em>\u00a0\u00bb<\/span><\/p>\n<p align=\"center\"><span style=\"font-size: 16px; font-family: 'Trebuchet MS', Geneva;\"><em>Editions Jouvence<\/em><\/span><\/p>\n<p class=\"Style29\" align=\"center\"><img loading=\"lazy\" decoding=\"async\" class=\"aligncenter wp-image-37\" src=\"http:\/\/www.psyenyvelines.com\/wp-content\/uploads\/2015\/04\/besoinenfant-245x350.jpg\" alt=\"besoinenfant\" width=\"211\" height=\"301\" srcset=\"https:\/\/www.psyenyvelines.com\/wp-content\/uploads\/2015\/04\/besoinenfant-245x350.jpg 245w, https:\/\/www.psyenyvelines.com\/wp-content\/uploads\/2015\/04\/besoinenfant-716x1024.jpg 716w, https:\/\/www.psyenyvelines.com\/wp-content\/uploads\/2015\/04\/besoinenfant.jpg 992w\" sizes=\"auto, (max-width: 211px) 100vw, 211px\" \/><\/p>\n<p class=\"Style30\"><span style=\"font-size: 16px; font-family: 'Trebuchet MS', Geneva;\">Quels sont les vrais d\u00e9sirs et besoins qui se nichent dans le d\u00e9sir d&#8217;enfant, et comment trouver le v\u00e9ritable bonheur.<\/span><\/p>\n<p class=\"Style30\"><span style=\"font-size: 16px; font-family: 'Trebuchet MS', Geneva;\"><em>\u00ab\u00a0Si pour certains la conception d&#8217;un enfant se fait ais\u00e9ment, pour d&#8217;autres, le <strong>chemin est plus escarp\u00e9<\/strong>. St\u00e9rilit\u00e9, absence de partenaire, \u00e2ge, \u00e9volution professionnelle, situation financi\u00e8re sont autant d&#8217;obstacles lorsque le besoin de devenir parent se fait sentir.<\/em><\/span><\/p>\n<p class=\"Style30\"><span style=\"font-size: 16px; font-family: 'Trebuchet MS', Geneva;\"><em><strong>D&#8217;o\u00f9 vient ce besoin<\/strong>\u00a0? Pourquoi est-il <strong>si intense<\/strong> lorsque la vie questionne sa r\u00e9alisation? <strong>Quels choix<\/strong> s&#8217;offrent pour arr\u00eater de souffrir ?<\/em><\/span><\/p>\n<p class=\"Style30\"><span style=\"font-size: 16px; font-family: 'Trebuchet MS', Geneva;\"><em>Rachel Izsak nous fait partager son exp\u00e9rience de femme et de th\u00e9rapeute. Etay\u00e9 de <strong>t\u00e9moignages \u00e9clairants<\/strong>, ce livre aide \u00e0 comprendre l&#8217;origine du besoin d&#8217;enfant, \u00e0 <strong>trouver des r\u00e9ponses adapt\u00e9es<\/strong> \u00e0 sa situation, \u00e0 <strong>d\u00e9bloquer des verrous<\/strong> et \u00e0 ouvrir les portes d&#8217;une <strong>voie nouvelle<\/strong>.<\/em><\/span><\/p>\n<p style=\"text-align: left;\"><span style=\"font-size: 16px;\"><em><strong><span style=\"font-family: 'Trebuchet MS', Geneva;\">Dans la tendresse et le respect, mettre au mon<\/span>de le meilleur de soi-m\u00eame<\/strong>.\u00a0\u00bb<\/em><\/span><\/p>\n<p class=\"Style29\" align=\"center\"><span style=\"font-size: 20px; font-family: 'Trebuchet MS', Geneva;\">\u00ab\u00a0<b>Masser b\u00e9b\u00e9<\/b><\/span><br \/>\n<span style=\"font-size: 20px; font-family: 'Trebuchet MS', Geneva;\"> <em> le toucher du c\u0153ur<\/em>\u00a0\u00bb<\/span><\/p>\n<p align=\"center\"><span style=\"font-family: 'Trebuchet MS', Geneva;\"><em><span style=\"font-size: 16px;\">Editions Jouvence<\/span><\/em><\/span><\/p>\n<p align=\"center\"><span style=\"font-family: 'Trebuchet MS', Geneva;\"><em><span style=\"font-size: 16px;\">Nouvelle \u00e9dition revue et augment\u00e9e<\/span><\/em><\/span><\/p>\n<p align=\"center\"><a href=\"http:\/\/www.psyenyvelines.com\/wp-content\/uploads\/2015\/04\/masserb\u00e9b\u00e9.jpg\"><img loading=\"lazy\" decoding=\"async\" class=\" wp-image-31 aligncenter\" src=\"http:\/\/www.psyenyvelines.com\/wp-content\/uploads\/2015\/04\/masserb\u00e9b\u00e9-248x350.jpg\" alt=\"masserb\u00e9b\u00e9\" width=\"230\" height=\"325\" srcset=\"https:\/\/www.psyenyvelines.com\/wp-content\/uploads\/2015\/04\/masserb\u00e9b\u00e9-248x350.jpg 248w, https:\/\/www.psyenyvelines.com\/wp-content\/uploads\/2015\/04\/masserb\u00e9b\u00e9-724x1024.jpg 724w, https:\/\/www.psyenyvelines.com\/wp-content\/uploads\/2015\/04\/masserb\u00e9b\u00e9.jpg 1006w\" sizes=\"auto, (max-width: 230px) 100vw, 230px\" \/><\/a><\/p>\n<p class=\"Style30\"><span style=\"font-family: 'Trebuchet MS', Geneva; font-size: 16px;\">Des informations, de la communication entre les parents et leur b\u00e9b\u00e9, des mouvements de massage et beaucoup de photos et dessins tr\u00e8s pratiques.<\/span><\/p>\n<p class=\"Style30\"><span style=\"font-size: 16px; font-family: 'Trebuchet MS', Geneva;\">\u00ab\u00a0<em>La peau repr\u00e9sente chez le nouveau-n\u00e9 la plus grande source de contact avec l&#8217;ext\u00e9rieur. D\u00e8s la naissance, elle a toute sa sensibilit\u00e9. Et pour les parents, le massage est une extraordinaire occasion d&#8217;<strong>entrer en contact<\/strong> avec leur enfant et de lui <strong>manifester tout l&#8217;amour<\/strong> qu&#8217;ils souhaitent lui apporter.<\/em><\/span><\/p>\n<p class=\"Style30\"><span style=\"font-family: 'Trebuchet MS', Geneva; font-size: 16px;\"><em>L&#8217;auteur, riche d&#8217;une tr\u00e8s grande exp\u00e9rience en massage et en \u00e9coute, vous propose ici quelques <strong>m\u00e9thodes<\/strong> pour masser harmonieusement votre enfant.<\/em><\/span><\/p>\n<p class=\"Style30\"><span style=\"font-family: 'Trebuchet MS', Geneva; font-size: 16px;\"><em>Le massage du b\u00e9b\u00e9, qui dure de quelques minutes \u00e0 un quart d&#8217;heure, est un instant privil\u00e9gi\u00e9 de <strong>communication entre le parent et l&#8217;enfant<\/strong>. Vous serez guid\u00e9 dans votre s\u00e9ance par des <strong>dessins et des explications<\/strong>. C&#8217;est aussi un moyen tr\u00e8s efficace pour <strong>diminuer les probl\u00e8mes de coliques<\/strong> ou d&#8217;<strong>hyperactivit\u00e9<\/strong> de votre enfant.\u00a0\u00bb<\/em><\/span><\/p>\n","protected":false},"excerpt":{"rendered":"<p>Vivre son besoin d&#8217;enfant \u00ab\u00a0Cheminer en se respectant\u00a0\u00bb Editions Jouvence Quels sont les vrais d\u00e9sirs et besoins qui se nichent dans le d\u00e9sir d&#8217;enfant, et comment trouver le v\u00e9ritable bonheur. \u00ab\u00a0Si pour certains la conception d&#8217;un enfant se fait ais\u00e9ment, pour d&#8217;autres, le chemin est plus escarp\u00e9. St\u00e9rilit\u00e9, absence de partenaire, \u00e2ge, \u00e9volution professionnelle, situation &hellip; <a href=\"https:\/\/www.psyenyvelines.com\/?page_id=18\" class=\"more-link\">Continuer la lecture de <span class=\"screen-reader-text\">Livres<\/span><\/a><\/p>\n","protected":false},"author":1,"featured_media":0,"parent":0,"menu_order":0,"comment_status":"closed","ping_status":"closed","template":"","meta":{"footnotes":""},"class_list":["post-18","page","type-page","status-publish","hentry"],"_links":{"self":[{"href":"https:\/\/www.psyenyvelines.com\/index.php?rest_route=\/wp\/v2\/pages\/18","targetHints":{"allow":["GET"]}}],"collection":[{"href":"https:\/\/www.psyenyvelines.com\/index.php?rest_route=\/wp\/v2\/pages"}],"about":[{"href":"https:\/\/www.psyenyvelines.com\/index.php?rest_route=\/wp\/v2\/types\/page"}],"author":[{"embeddable":true,"href":"https:\/\/www.psyenyvelines.com\/index.php?rest_route=\/wp\/v2\/users\/1"}],"replies":[{"embeddable":true,"href":"https:\/\/www.psyenyvelines.com\/index.php?rest_route=%2Fwp%2Fv2%2Fcomments&post=18"}],"version-history":[{"count":18,"href":"https:\/\/www.psyenyvelines.com\/index.php?rest_route=\/wp\/v2\/pages\/18\/revisions"}],"predecessor-version":[{"id":245,"href":"https:\/\/www.psyenyvelines.com\/index.php?rest_route=\/wp\/v2\/pages\/18\/revisions\/245"}],"wp:attachment":[{"href":"https:\/\/www.psyenyvelines.com\/index.php?rest_route=%2Fwp%2Fv2%2Fmedia&parent=18"}],"curies":[{"name":"wp","href":"https:\/\/api.w.org\/{rel}","templated":true}]}}