{"id":16,"date":"2015-04-24T12:48:44","date_gmt":"2015-04-24T12:48:44","guid":{"rendered":"http:\/\/www.psyenyvelines.com\/?page_id=16"},"modified":"2015-04-30T08:25:33","modified_gmt":"2015-04-30T08:25:33","slug":"integration-du-cycle-de-la-vie-icv","status":"publish","type":"page","link":"https:\/\/www.psyenyvelines.com\/?page_id=16","title":{"rendered":"Int\u00e9gration du Cycle de la Vie (ICV)"},"content":{"rendered":"<p><a href=\"http:\/\/www.psyenyvelines.com\/wp-content\/uploads\/2015\/04\/massage3.jpg\"><img loading=\"lazy\" decoding=\"async\" class=\"aligncenter size-medium wp-image-30\" src=\"http:\/\/www.psyenyvelines.com\/wp-content\/uploads\/2015\/04\/massage3-350x263.jpg\" alt=\"\" width=\"350\" height=\"263\" srcset=\"https:\/\/www.psyenyvelines.com\/wp-content\/uploads\/2015\/04\/massage3-350x263.jpg 350w, https:\/\/www.psyenyvelines.com\/wp-content\/uploads\/2015\/04\/massage3-1024x768.jpg 1024w\" sizes=\"auto, (max-width: 350px) 100vw, 350px\" \/><\/a><\/p>\n<p><span style=\"font-size: 16px; font-family: 'Trebuchet MS', Geneva;\">Il y a d\u00e9j\u00e0 plusieurs ann\u00e9es, je me suis form\u00e9e \u00e0 une approche, nouvelle \u00e0 ce moment l\u00e0, en Europe et en France, l&#8217;Int\u00e9gration du Cycle de la Vie,<em><strong> r<\/strong><strong>elier les \u00e9tats du Moi \u00e0 travers le temps<\/strong><\/em> (ICV ou Lifespan Integration, en anglais) (m\u00e9thode d\u00e9velopp\u00e9e par Peggy Pace, psychologue et psychoth\u00e9rapeute am\u00e9ricaine).<\/span><\/p>\n<p><span style=\"font-size: 16px; font-family: 'Trebuchet MS', Geneva;\">J&#8217;ai trouv\u00e9 dans cette approche une <em><strong>coh\u00e9rence<\/strong><\/em> totale avec les autres m\u00e9thodes que j&#8217;utilise. Et c&#8217;est pr\u00e9cis\u00e9ment de coh\u00e9rence dont il s&#8217;agit : gr\u00e2ce aux s\u00e9ances d&#8217;ICV, la personne sent se construire en elle une <em><strong>coh\u00e9rence interne<\/strong><\/em> gr\u00e2ce \u00e0 l&#8217;int\u00e9gration des diff\u00e9rentes parties de soi. Pour survivre \u00e0 certaines situations traumatisantes nous avons d\u00fb mettre de c\u00f4t\u00e9 des parties de soi, et ces &#8220;mises de c\u00f4t\u00e9&#8221; restent imprim\u00e9es, encod\u00e9es, comme des syst\u00e8mes de d\u00e9fense toujours actifs, et s&#8217;activent bien plus souvent qu&#8217;appropri\u00e9 dans la vie actuelle.<\/span><\/p>\n<p><span style=\"font-size: 16px; font-family: 'Trebuchet MS', Geneva;\">Je propose souvent des th\u00e9rapies bas\u00e9es sur l&#8217;ICV aux personnes qui ont v\u00e9cu des <em><strong>traumatismes<\/strong><\/em>, par exemple <em><strong>intra-ut\u00e9rin<\/strong><\/em>, de <em><strong>naissance<\/strong><\/em>, ou <em><strong>autres<\/strong><\/em>, ou simplement qui <em><strong>se sentent \u00e9parpill\u00e9es<\/strong><\/em> dans diff\u00e9rentes directions <em><strong>sans trouver leur voie<\/strong><\/em>, qui <em><strong>r\u00e9agissent \u00e9motionnellement de mani\u00e8re trop forte<\/strong><\/em> ou inappropri\u00e9e \u00e0 une situation quotidienne, qui vivent des <em><strong>situations qui se r\u00e9p\u00e8tent<\/strong><\/em>, qui se sentent <em><strong>bloqu\u00e9es<\/strong><\/em> dans un sch\u00e9ma pass\u00e9, qui n&#8217;arrivent pas \u00e0 avoir une vision claire de leur <em><strong>relation affective<\/strong><\/em>, ni \u00e0 faire des choix. Voil\u00e0 certaines des situations pour lesquelles l&#8217;ICV apporte beaucoup, il y en a bien d&#8217;autres encore.<\/span><\/p>\n<p><span style=\"font-size: 16px; font-family: 'Trebuchet MS', Geneva;\">Cette approche correspond aux recherches actuelles et aux d\u00e9couvertes des <em><strong>neurosciences<\/strong><\/em>. En r\u00e9sum\u00e9 rapide, c&#8217;est une nouvelle m\u00e9thode qui agit par la restructuration et l&#8217;int\u00e9gration des <strong><em>r\u00e9seaux neuronaux<\/em><\/strong> dans le syst\u00e8me global du corps et de l&#8217;esprit.<\/span><\/p>\n<p><span style=\"font-size: 16px; font-family: 'Trebuchet MS', Geneva;\">Elle correspond aussi \u00e0 ce que nous apprend l&#8217;<em><strong>anthropologie culturelle<\/strong><\/em>. Combien la construction mutuelle des <em><strong>r\u00e9cits de vie<\/strong><\/em>, le fait de raconter l&#8217;histoire de la tribu et des individus \u00e0 l&#8217;int\u00e9rieur de la tribu, les aident \u00e0 se construire dans une continuit\u00e9 qui leur permet de devenir des <em><strong>personnes int\u00e9gr\u00e9es et coh\u00e9rentes<\/strong><\/em>, et surtout qui s&#8217;adaptent aux situations du pr\u00e9sent. Certains chamans proc\u00e8dent aussi \u00e0 leur mani\u00e8re, \u00e0 la r\u00e9int\u00e9gration de parties de soi laiss\u00e9es de c\u00f4t\u00e9 au fur et \u00e0 mesure de ses blessures.<\/span><\/p>\n<p><span style=\"font-size: 16px; font-family: 'Trebuchet MS', Geneva;\">Je suis amen\u00e9e dans cette approche \u00e0 m&#8217;occuper souvent du b\u00e9b\u00e9 qu&#8217;a \u00e9t\u00e9 l&#8217;adulte que j&#8217;accompagne. Et je me suis attach\u00e9e depuis de nombreuses ann\u00e9es \u00e0 <em><strong>prendre soin de ces b\u00e9b\u00e9s<\/strong><\/em>, vrais b\u00e9b\u00e9s, comme anciens b\u00e9b\u00e9s ayant bien grandi.<\/span><\/p>\n<p><span style=\"font-size: 16px; font-family: 'Trebuchet MS', Geneva;\">Pendant plus d&#8217;une dizaine d&#8217;ann\u00e9es, j&#8217;ai <em><strong>pratiqu\u00e9 et enseign\u00e9 la Relation Parent-B\u00e9b\u00e9<\/strong> <strong>par le massage<\/strong><\/em> (m\u00e9thode de Vimala McLure et de l&#8217;International Association of Infant Massage) j&#8217;ai form\u00e9 de nombreux parents et beaucoup de professionnels de la petite enfance &#8211; en maternit\u00e9, en Conseil G\u00e9n\u00e9ral, \u00e0 mon Cabinet &#8211; \u00e0 une approche respectueuse de la relation Parent-B\u00e9b\u00e9, par le massage.<\/span><\/p>\n<p><span style=\"font-size: 16px; font-family: 'Trebuchet MS', Geneva;\">Les grossesses difficiles, les accouchements probl\u00e9matiques ou d\u00e9licats, les parcours de conceptions m\u00e9dicalement assist\u00e9es, la pr\u00e9maturit\u00e9, les fausse-couches, les difficult\u00e9s li\u00e9es \u00e0 la maternit\u00e9\/paternit\u00e9, satisfaite ou pas, et les traces qu&#8217;ils peuvent laisser, tous ces <em><strong>sujets autour de la naissance<\/strong><\/em>, je les connais bien. J&#8217;ai depuis longtemps une <em><strong>\u00e9coute particuli\u00e8re<\/strong><\/em> pour tout ce qui concerne le d\u00e9sir d&#8217;enfant, l&#8217;accouchement, la naissance et tous les \u00e9v\u00e9nements, toutes les difficult\u00e9s et toutes les joies qui gravitent autour.<\/span><\/p>\n<p><span style=\"font-size: 16px; font-family: 'Trebuchet MS', Geneva;\">L&#8217;Int\u00e9gration du Cycle de la Vie (ICV) est une <em><strong>approche diff\u00e9rente de la psychoth\u00e9rapie verbale<\/strong><\/em>. Certains de mes accompagnements psychoth\u00e9rapeutiques sont essentiellement ICV. Pour d&#8217;autres, j&#8217;int\u00e8gre ces s\u00e9ances \u00e0 des s\u00e9ances de psychoth\u00e9rapie verbale. Bien entendu, cela se choisit en accord avec la personne qui me consulte.<\/span><\/p>\n<p><span style=\"font-size: 16px; font-family: 'Trebuchet MS', Geneva;\">Voir les livres que j&#8217;ai \u00e9crits qui abordent ces sujets \u00ab\u00a0Masser b\u00e9b\u00e9, le toucher du c\u0153ur\u00a0\u00bb et \u00ab\u00a0Vivre son besoin d&#8217;enfant, Cheminer en se respectant\u00bb sur la page <a href=\"http:\/\/www.psyenyvelines.com\/?page_id=18\">Livres<\/a>.<\/span><\/p>\n","protected":false},"excerpt":{"rendered":"<p>Il y a d\u00e9j\u00e0 plusieurs ann\u00e9es, je me suis form\u00e9e \u00e0 une approche, nouvelle \u00e0 ce moment l\u00e0, en Europe et en France, l&#8217;Int\u00e9gration du Cycle de la Vie, relier les \u00e9tats du Moi \u00e0 travers le temps (ICV ou Lifespan Integration, en anglais) (m\u00e9thode d\u00e9velopp\u00e9e par Peggy Pace, psychologue et psychoth\u00e9rapeute am\u00e9ricaine). J&#8217;ai trouv\u00e9 &hellip; <a href=\"https:\/\/www.psyenyvelines.com\/?page_id=16\" class=\"more-link\">Continuer la lecture de <span class=\"screen-reader-text\">Int\u00e9gration du Cycle de la Vie (ICV)<\/span><\/a><\/p>\n","protected":false},"author":1,"featured_media":0,"parent":0,"menu_order":0,"comment_status":"closed","ping_status":"closed","template":"","meta":{"footnotes":""},"class_list":["post-16","page","type-page","status-publish","hentry"],"_links":{"self":[{"href":"https:\/\/www.psyenyvelines.com\/index.php?rest_route=\/wp\/v2\/pages\/16","targetHints":{"allow":["GET"]}}],"collection":[{"href":"https:\/\/www.psyenyvelines.com\/index.php?rest_route=\/wp\/v2\/pages"}],"about":[{"href":"https:\/\/www.psyenyvelines.com\/index.php?rest_route=\/wp\/v2\/types\/page"}],"author":[{"embeddable":true,"href":"https:\/\/www.psyenyvelines.com\/index.php?rest_route=\/wp\/v2\/users\/1"}],"replies":[{"embeddable":true,"href":"https:\/\/www.psyenyvelines.com\/index.php?rest_route=%2Fwp%2Fv2%2Fcomments&post=16"}],"version-history":[{"count":8,"href":"https:\/\/www.psyenyvelines.com\/index.php?rest_route=\/wp\/v2\/pages\/16\/revisions"}],"predecessor-version":[{"id":119,"href":"https:\/\/www.psyenyvelines.com\/index.php?rest_route=\/wp\/v2\/pages\/16\/revisions\/119"}],"wp:attachment":[{"href":"https:\/\/www.psyenyvelines.com\/index.php?rest_route=%2Fwp%2Fv2%2Fmedia&parent=16"}],"curies":[{"name":"wp","href":"https:\/\/api.w.org\/{rel}","templated":true}]}}