{"id":14,"date":"2015-04-24T12:47:52","date_gmt":"2015-04-24T12:47:52","guid":{"rendered":"http:\/\/www.psyenyvelines.com\/?page_id=14"},"modified":"2021-12-09T10:50:10","modified_gmt":"2021-12-09T10:50:10","slug":"therapies","status":"publish","type":"page","link":"https:\/\/www.psyenyvelines.com\/?page_id=14","title":{"rendered":"Th\u00e9rapies individuelles et Accompagnement de couples"},"content":{"rendered":"<p class=\"Style1 Style2\" align=\"center\"><span style=\"font-size: 21px;\"><strong>Th\u00e9rapies individuelles<\/strong><\/span><\/p>\n<p class=\"Style1 Style2\" align=\"center\"><span style=\"font-size: 20px;\"><strong><img loading=\"lazy\" decoding=\"async\" class=\"size-medium wp-image-169 aligncenter\" src=\"http:\/\/www.psyenyvelines.com\/wp-content\/uploads\/2017\/03\/image-2-350x264.jpeg\" alt=\"image\" width=\"350\" height=\"264\" srcset=\"https:\/\/www.psyenyvelines.com\/wp-content\/uploads\/2017\/03\/image-2-350x264.jpeg 350w, https:\/\/www.psyenyvelines.com\/wp-content\/uploads\/2017\/03\/image-2.jpeg 480w\" sizes=\"auto, (max-width: 350px) 100vw, 350px\" \/><\/strong><\/span><\/p>\n<p class=\"Style32\"><em>J&#8217;aime beaucoup recevoir\u00a0ceux et celles\u00a0qui cherchent \u00e0 am\u00e9liorer leur vie car je crois qu&#8217;il est toujours possible de le faire, quel que soit son \u00e2ge ou son histoire de vie.<\/em><\/p>\n<p class=\"Style32\"><span style=\"font-size: 16px;\">L&#8217;accompagnement th\u00e9rapeutique que je propose est bas\u00e9 sur un travail non mental, ceci dit avec de la parole, \u00e9motionnel, corporel, transg\u00e9n\u00e9rationnel et sur la relation th\u00e9rapeutique elle-m\u00eame. <\/span><\/p>\n<p class=\"Style32\"><span style=\"font-size: 16px;\">J&#8217;utilise des m\u00e9thodes <b>psycho<\/b>&#8211;<b>corporelles<\/b> enrichies ou valid\u00e9es par les neuro-sciences,\u00a0comme l&#8217;approche de <b>l&#8217;Int\u00e9gration<\/b> <b>du<\/b> <b>Cycle<\/b> <b>de<\/b> <b>la<\/b> <b>Vie<\/b> (ICV).\u00a0 J&#8217;utilise aussi l&#8217;approche <strong>IMAGO en s\u00e9ances individuelles<\/strong> (je m&#8217;y suis form\u00e9e sp\u00e9cifiquement). Cela fait progresser dans les prises de conscience et la concr\u00e9tisation de ses souhaits. J&#8217;int\u00e8gre aussi les <b>Constellations<\/b> <b>Syst\u00e9miques<\/b> <b>Familiales<\/b> et la dimension \u00e9nerg\u00e9tique ou spirituelle, selon les demandes, les probl\u00e9matiques, les besoins et la personnalit\u00e9 de chacun. <\/span><\/p>\n<p class=\"Style32\"><span style=\"font-size: 16px;\">La <em><strong>d\u00e9marche int\u00e9grative<\/strong><\/em> que je propose permet de vivre plus pleinement le moment pr\u00e9sent, tout en explorant son histoire pour r\u00e9parer des blessures anciennes &#8211; sans les r\u00e9activer &#8211;\u00a0 et leur laisser leur place dans notre histoire, pass\u00e9e.<\/span><\/p>\n<p class=\"Style32\"><span style=\"font-size: 16px;\">Les modalit\u00e9s sont <em><strong>d\u00e9finies ensemble<\/strong><\/em> pour chaque personne, en d\u00e9but de th\u00e9rapie et lors d&#8217;<em><strong>\u00e9valuations<\/strong><\/em> que nous faisons ensemble.<\/span><\/p>\n<p class=\"Style32\"><span style=\"font-size: 16px;\">Au cours de mes ann\u00e9es de pratique, j&#8217;ai assist\u00e9 \u00e0 de nombreuses am\u00e9liorations de la vie de mes patients, gr\u00e2ce \u00e0 l&#8217;<em><strong>int\u00e9gration du corps dans la th\u00e9rapie<\/strong><\/em>. Que ce soit sur le plan de la m\u00e9moire corporelle, de la lib\u00e9ration de blocages \u00e9motionnels, ou traumatiques. L&#8217;int\u00e9gration du v\u00e9cu corporel me parait tout \u00e0 fait n\u00e9cessaire. C&#8217;est cette combinaison qui permet des <em><strong>transformations profondes visibles<\/strong><\/em> dans la <em><strong>vie quotidienne<\/strong><\/em>. Les personnes que j&#8217;accompagne t\u00e9moignent de changements positifs <em><strong>concrets<\/strong> <\/em>dans leur vie au fur et \u00e0 mesure de leur th\u00e9rapie.<\/span><\/p>\n<p class=\"Style32\"><span style=\"font-size: 16px;\">Et puis c&#8217;est l&#8217;amour qui gu\u00e9rit et qui circule librement dans toute notre vie et <\/span><span style=\"font-size: 16px;\">nourrit notre \u00eatre.<\/span><\/p>\n<p style=\"text-align: center;\"><b>\u00a0 \u00a0 \u00a0 \u00a0 \u00a0 \u00a0 \u00a0 \u00a0 \u00a0 \u00a0 Accompagnement<\/b> <b>des<\/b> <b>couples<\/b><\/p>\n<p><img loading=\"lazy\" decoding=\"async\" class=\"size-medium wp-image-84 aligncenter\" src=\"http:\/\/www.psyenyvelines.com\/wp-content\/uploads\/2015\/04\/sculpture-couple-299x350.jpg\" alt=\"\" width=\"299\" height=\"350\" srcset=\"https:\/\/www.psyenyvelines.com\/wp-content\/uploads\/2015\/04\/sculpture-couple-299x350.jpg 299w, https:\/\/www.psyenyvelines.com\/wp-content\/uploads\/2015\/04\/sculpture-couple.jpg 503w\" sizes=\"auto, (max-width: 299px) 100vw, 299px\" \/><\/p>\n<p class=\"Style32\"><span style=\"font-size: 16px;\"> <em>J&#8217;ai vraiment du plaisir \u00e0 accompagner des couples et j&#8217;y trouve une fa\u00e7on tr\u00e8s concr\u00e8te et satisfaisante de contribuer \u00e0 la paix et \u00e0 la clart\u00e9, ce qui me tient tr\u00e8s \u00e0 c\u0153ur. Je pense que la paix commence par les relations que nous avons avec nos plus proches et que c&#8217;est un art qui s&#8217;apprend. J&#8217;aime cette d\u00e9couverte de ce que l&#8217;on \u00e9prouve lorsque l&#8217;on se sent suffisamment en s\u00e9curit\u00e9 pour se montrer avec authenticit\u00e9 \u00e0 l&#8217;autre et \u00e0 soi-m\u00eame! Et comment une vraie rencontre nous permet de changer; la vie change vraiment quand on ressent cette confiance et cette acceptation de qui nous sommes, et que l&#8217;on d\u00e9couvre l&#8217;autre avec une curiosit\u00e9 toujours aussi fra\u00eeche.<\/em><\/span><\/p>\n<p>C&#8217;est un chemin qui demande un accompagnement dans l&#8217;apprentissage, quelles que soient les relations: de couple, amicales, familiales.<\/p>\n<p class=\"Style32\"><span style=\"font-size: 16px;\">J&#8217;utilise l&#8217;approche <b>IMAGO<\/b>, les <b>Constellations<\/b> <b>Syst\u00e9miques<\/b> <b>Familiales<\/b> et mon \u00e9coute bienveillante. <\/span><\/p>\n<p class=\"Style32\"><span style=\"font-size: 16px;\">Les <em><strong>couples<\/strong><\/em> que j&#8217;ai le plaisir d&#8217;accompagner apprennent \u00e0 <strong><em>se parler et \u00e0 s&#8217;\u00e9couter, \u00e0 vivre ensemble ou \u00e0 se s\u00e9parer, avec leurs diff\u00e9rences et leur humanit\u00e9 commune.<\/em><\/strong><\/span><\/p>\n<p class=\"Style32\"><img loading=\"lazy\" decoding=\"async\" class=\"aligncenter size-medium wp-image-172\" src=\"http:\/\/www.psyenyvelines.com\/wp-content\/uploads\/2017\/03\/image-5-350x251.jpeg\" alt=\"image\" width=\"350\" height=\"251\" srcset=\"https:\/\/www.psyenyvelines.com\/wp-content\/uploads\/2017\/03\/image-5-350x251.jpeg 350w, https:\/\/www.psyenyvelines.com\/wp-content\/uploads\/2017\/03\/image-5.jpeg 470w\" sizes=\"auto, (max-width: 350px) 100vw, 350px\" \/><\/p>\n<p class=\"Style32\"><span style=\"font-size: 16px;\">Ils d\u00e9couvrent qu&#8217;ils peuvent vivre une rencontre authentique et profonde. Chacun arrive \u00e0 \u00eatre plus facilement soi-m\u00eame <em>et <\/em>\u00e0 vivre en couple. La violence dispara\u00eet. Un nouvel univers d&#8217;intimit\u00e9 peut voir le jour.<\/span><\/p>\n<p class=\"Style32\"><span style=\"font-size: 16px;\">Ceux dont le choix\u00a0est de faire routes \u00e0 part trouvent leur mani\u00e8re respectueuse et apais\u00e9e de le faire.<\/span><\/p>\n<p class=\"Style32\"><span style=\"font-size: 16px;\">Mon <em><strong>cadre \u00e9thique<\/strong><\/em>, fond\u00e9 sur celui des <em><strong>organismes professionnels<\/strong><\/em> auxquels j&#8217;appartiens, garantit la s\u00e9curit\u00e9 et la confidentialit\u00e9 qui permettent un travail personnel en toute s\u00e9r\u00e9nit\u00e9.<\/span><\/p>\n<p class=\"Style32\"><span style=\"font-size: 16px;\">Quelques-uns des bienfaits que procurent ces approches th\u00e9rapeutiques\u00a0:<\/span><\/p>\n<p class=\"Style32\"><span style=\"font-size: 16px;\">\u2022\u00a0 Mieux se conna\u00eetre, se respecter, vivre Ici et Maintenant<\/span><\/p>\n<p class=\"Style32\"><span style=\"font-size: 16px;\">\u2022\u00a0 Utiliser son ressenti corporel comme une ressource<\/span><\/p>\n<p class=\"Style32\"><span style=\"font-size: 16px;\">\u2022\u00a0 Laisser \u00e9merger la m\u00e9moire corporelle et \u00e9motionnelle<\/span><\/p>\n<p class=\"Style32\"><span style=\"font-size: 16px;\">\u2022\u00a0 Associer des approches non mentales \u00e0 la mise en mots<\/span><\/p>\n<p class=\"Style32\"><span style=\"font-size: 16px;\">\u2022\u00a0 Faire de son corps un lieu de s\u00e9curit\u00e9<\/span><\/p>\n<p class=\"Style32\"><span style=\"font-size: 16px;\">\u2022\u00a0 Int\u00e9grer toutes les parties de soi<\/span><\/p>\n<p class=\"Style32\"><span style=\"font-size: 16px;\">\u2022\u00a0 D\u00e9couvrir, d\u00e9velopper et utiliser toutes ses ressources<\/span><\/p>\n<p class=\"Style32\"><span style=\"font-size: 16px;\">\u2022\u00a0 D\u00e9couvrir une relation nouvelle dans son couple<\/span><\/p>\n<p class=\"Style32\"><span style=\"font-size: 16px;\">\u2022\u00a0 Cr\u00e9er un espace de s\u00e9curit\u00e9 \u00e0 deux, couple, amis, famille.<\/span><\/p>\n<p class=\"Style32\"><span style=\"font-size: 16px;\">\u2022 \u00a0R\u00e9parer les blessures de l&#8217;enfance<\/span><\/p>\n<p class=\"Style32\"><span style=\"font-size: 16px;\">\u2022\u00a0 D\u00e9velopper ses capacit\u00e9s d&#8217;\u00e9coute<\/span><\/p>\n<p class=\"Style32\"><span style=\"font-size: 16px;\">Un <em><strong>entretien pr\u00e9alable<\/strong><\/em> \u00e0 tout engagement, nous permet de faire connaissance, de r\u00e9pondre \u00e0 vos interrogations; et vous permet de choisir librement d&#8217;entreprendre un travail psychoth\u00e9rapeutique avec moi.<\/span><\/p>\n<p class=\"Style32\"><span style=\"font-size: 16px;\">Vous pouvez me joindre sur la page <span class=\"Style3\"><span class=\"Style21\"><a title=\"Me contacter\" href=\"http:\/\/www.psyenyvelines.com\/?page_id=12\">Contact<\/a><\/span><\/span>.<\/span><\/p>\n","protected":false},"excerpt":{"rendered":"<p>Th\u00e9rapies individuelles J&#8217;aime beaucoup recevoir\u00a0ceux et celles\u00a0qui cherchent \u00e0 am\u00e9liorer leur vie car je crois qu&#8217;il est toujours possible de le faire, quel que soit son \u00e2ge ou son histoire de vie. L&#8217;accompagnement th\u00e9rapeutique que je propose est bas\u00e9 sur un travail non mental, ceci dit avec de la parole, \u00e9motionnel, corporel, transg\u00e9n\u00e9rationnel et sur &hellip; <a href=\"https:\/\/www.psyenyvelines.com\/?page_id=14\" class=\"more-link\">Continuer la lecture de <span class=\"screen-reader-text\">Th\u00e9rapies individuelles et Accompagnement de couples<\/span><\/a><\/p>\n","protected":false},"author":1,"featured_media":0,"parent":0,"menu_order":0,"comment_status":"closed","ping_status":"closed","template":"","meta":{"footnotes":""},"class_list":["post-14","page","type-page","status-publish","hentry"],"_links":{"self":[{"href":"https:\/\/www.psyenyvelines.com\/index.php?rest_route=\/wp\/v2\/pages\/14","targetHints":{"allow":["GET"]}}],"collection":[{"href":"https:\/\/www.psyenyvelines.com\/index.php?rest_route=\/wp\/v2\/pages"}],"about":[{"href":"https:\/\/www.psyenyvelines.com\/index.php?rest_route=\/wp\/v2\/types\/page"}],"author":[{"embeddable":true,"href":"https:\/\/www.psyenyvelines.com\/index.php?rest_route=\/wp\/v2\/users\/1"}],"replies":[{"embeddable":true,"href":"https:\/\/www.psyenyvelines.com\/index.php?rest_route=%2Fwp%2Fv2%2Fcomments&post=14"}],"version-history":[{"count":22,"href":"https:\/\/www.psyenyvelines.com\/index.php?rest_route=\/wp\/v2\/pages\/14\/revisions"}],"predecessor-version":[{"id":249,"href":"https:\/\/www.psyenyvelines.com\/index.php?rest_route=\/wp\/v2\/pages\/14\/revisions\/249"}],"wp:attachment":[{"href":"https:\/\/www.psyenyvelines.com\/index.php?rest_route=%2Fwp%2Fv2%2Fmedia&parent=14"}],"curies":[{"name":"wp","href":"https:\/\/api.w.org\/{rel}","templated":true}]}}