{"id":10,"date":"2015-04-24T12:45:22","date_gmt":"2015-04-24T12:45:22","guid":{"rendered":"http:\/\/www.psyenyvelines.com\/?page_id=10"},"modified":"2025-01-01T19:41:22","modified_gmt":"2025-01-01T19:41:22","slug":"programme-dactivites","status":"publish","type":"page","link":"https:\/\/www.psyenyvelines.com\/?page_id=10","title":{"rendered":"Programme d&#8217;activit\u00e9s"},"content":{"rendered":"<p style=\"text-align: center;\"><strong><span style=\"font-family: 'Trebuchet MS', Geneva; font-size: 18px;\">CONSTELLATIONS SYSTEMIQUES ET FAMILIALES<\/span><\/strong><\/p>\n<p style=\"text-align: center;\"><span style=\"font-family: 'Trebuchet MS', Geneva; font-size: 16px;\">J&#8217;anime tout au long de l&#8217;ann\u00e9e <\/span><span style=\"font-family: 'Trebuchet MS', Geneva; font-size: 16px;\"><em><strong>des Constellations en s\u00e9ance individuelle<\/strong><\/em>, \u00e0 mon Cabinet. Dur\u00e9e 1h.30. Il suffit de convenir ensemble d&#8217;un rendez-vous. Un questionnaire vous est remis au pr\u00e9alable pour \u00e9tablir un socio-g\u00e9nogramme en pr\u00e9paration de la Constellation.\u00a0<\/span><\/p>\n<p>&nbsp;<\/p>\n<p style=\"text-align: center;\"><span style=\"font-size: 18px;\"><strong><span style=\"font-family: 'Trebuchet MS', Geneva;\">REIKI<\/span><\/strong><\/span><\/p>\n<p><strong><em><span style=\"font-family: 'Trebuchet MS', Geneva; font-size: 16px;\">Les stages ont lieu en fonction des demandes. Vous me faites part de votre intention et nous d\u00e9finissons une date.<\/span><span style=\"font-family: 'Trebuchet MS', Geneva; font-size: 16px;\">\u00a0 \u00a0 <\/span><\/em><\/strong><\/p>\n<p style=\"text-align: center;\"><strong>\u00a0<span style=\"font-family: 'Trebuchet MS', Geneva; font-size: 18px;\">1er degr\u00e9 de Reiki <\/span><\/strong><\/p>\n<p style=\"text-align: center;\"><span style=\"font-family: 'Trebuchet MS', Geneva; font-size: 18px;\">Stage sur 2 jours<\/span><\/p>\n<p>Pour vous-m\u00eame et vos proches<\/p>\n<ul>\n<li><span style=\"font-family: 'Trebuchet MS', Geneva; font-size: 16px;\">Tarif 185 \u20ac<\/span><\/li>\n<\/ul>\n<p style=\"text-align: center;\"><span style=\"font-family: 'Trebuchet MS', Geneva; font-size: 18px;\"><strong>2\u00e8me degr\u00e9 de Reiki <\/strong><\/span><\/p>\n<p style=\"text-align: center;\"><span style=\"font-family: 'Trebuchet MS', Geneva; font-size: 18px;\">Stage sur 2 jours<\/span><\/p>\n<ul>\n<li><span style=\"font-family: 'Trebuchet MS', Geneva; font-size: 16px;\">Un entretien ou une conversation t\u00e9l\u00e9phonique pr\u00e9alable\u00a0sont requis<\/span><\/li>\n<li><span style=\"font-family: 'Trebuchet MS', Geneva; font-size: 16px;\">Tarif 500 \u20ac<\/span><\/li>\n<\/ul>\n<p style=\"text-align: center;\"><strong>Echanges Reiki avec Pratique en commun<\/strong><\/p>\n<p style=\"text-align: center;\">Me contacter pour conna\u00eetre les prochaines dates et horaires.<\/p>\n<p>Pour les 1er et 2\u00e8me degr\u00e9s.<\/p>\n","protected":false},"excerpt":{"rendered":"<p>CONSTELLATIONS SYSTEMIQUES ET FAMILIALES J&#8217;anime tout au long de l&#8217;ann\u00e9e des Constellations en s\u00e9ance individuelle, \u00e0 mon Cabinet. Dur\u00e9e 1h.30. Il suffit de convenir ensemble d&#8217;un rendez-vous. Un questionnaire vous est remis au pr\u00e9alable pour \u00e9tablir un socio-g\u00e9nogramme en pr\u00e9paration de la Constellation.\u00a0 &nbsp; REIKI Les stages ont lieu en fonction des demandes. Vous me &hellip; <a href=\"https:\/\/www.psyenyvelines.com\/?page_id=10\" class=\"more-link\">Continuer la lecture de <span class=\"screen-reader-text\">Programme d&#8217;activit\u00e9s<\/span><\/a><\/p>\n","protected":false},"author":1,"featured_media":0,"parent":0,"menu_order":0,"comment_status":"closed","ping_status":"closed","template":"","meta":{"footnotes":""},"class_list":["post-10","page","type-page","status-publish","hentry"],"_links":{"self":[{"href":"https:\/\/www.psyenyvelines.com\/index.php?rest_route=\/wp\/v2\/pages\/10","targetHints":{"allow":["GET"]}}],"collection":[{"href":"https:\/\/www.psyenyvelines.com\/index.php?rest_route=\/wp\/v2\/pages"}],"about":[{"href":"https:\/\/www.psyenyvelines.com\/index.php?rest_route=\/wp\/v2\/types\/page"}],"author":[{"embeddable":true,"href":"https:\/\/www.psyenyvelines.com\/index.php?rest_route=\/wp\/v2\/users\/1"}],"replies":[{"embeddable":true,"href":"https:\/\/www.psyenyvelines.com\/index.php?rest_route=%2Fwp%2Fv2%2Fcomments&post=10"}],"version-history":[{"count":37,"href":"https:\/\/www.psyenyvelines.com\/index.php?rest_route=\/wp\/v2\/pages\/10\/revisions"}],"predecessor-version":[{"id":257,"href":"https:\/\/www.psyenyvelines.com\/index.php?rest_route=\/wp\/v2\/pages\/10\/revisions\/257"}],"wp:attachment":[{"href":"https:\/\/www.psyenyvelines.com\/index.php?rest_route=%2Fwp%2Fv2%2Fmedia&parent=10"}],"curies":[{"name":"wp","href":"https:\/\/api.w.org\/{rel}","templated":true}]}}